{"id":710,"date":"2017-06-06T16:52:03","date_gmt":"2017-06-06T14:52:03","guid":{"rendered":"http:\/\/bartels.creative-feat.com\/impressum\/"},"modified":"2017-11-23T16:02:20","modified_gmt":"2017-11-23T15:02:20","slug":"impressum","status":"publish","type":"page","link":"https:\/\/www.basys.biz\/en\/impressum\/","title":{"rendered":"Disclaimer"},"content":{"rendered":"<h3>Liability and information according to \u00a7 5 TMG (German Telemedia Act)<\/h3>\n<p><strong>Bartels Systembeschlaege GmbH<\/strong><br \/>\n Gewerbegebiet Echternhagen 2<br \/>\n32689 Kalletal<\/p>\n<p>Germany<\/p>\n<p>&nbsp;<\/p>\n<table class=\"no-style\" border=\"0\">\n<tbody>\n<tr>\n<td style=\"width: 72px;\">Telephone<\/td>\n<td><a class=\"tel\" href=\"tel:+49 (0) 52 64 - 64 73 - 0\">+49 (0) 52 64 &#8211; 64 73 &#8211; 0<\/a><\/td>\n<\/tr>\n<tr>\n<td>Fax<\/td>\n<td>+49 (0) 52 64 &#8211; 64 73 &#8211; 30<\/td>\n<\/tr>\n<tr>\n<td>&nbsp;<\/td>\n<td>&nbsp;<\/td>\n<\/tr>\n<tr>\n<td>E-Mail<\/td>\n<td><a href=\"mailto:info@basys.biz\">info@basys.biz<\/a><\/td>\n<\/tr>\n<tr>\n<td>Internet<\/td>\n<td><a href=\"https:\/\/www.basys.biz\">www.basys.biz<\/a><\/td>\n<\/tr>\n<\/tbody>\n<\/table>\n<p>&nbsp;<\/p>\n<p><strong>Managing Directors:<\/strong><br \/>\n Dipl. Ing. Albert Bartels<br \/>\n Dipl. Wirt.Ing. Juergen Bartels\u00a0<\/p>\n<p>&nbsp;<\/p>\n<p>Register Court Lemgo:\u00a0HRB 2358<br \/>\nVAT-Id No: DE174 765 521<\/p>\n<p>&nbsp;<\/p>\n<h3>\n Haftung f\u00fcr Inhalte<\/h3>\n<p>Die Inhalte unserer Seiten wurden mit gr\u00f6\u00dfter Sorgfalt erstellt. F\u00fcr die Richtigkeit, Vollst\u00e4ndigkeit und Aktualit\u00e4t der Inhalte k\u00f6nnen wir jedoch keine Gew\u00e4hr \u00fcbernehmen. Als Diensteanbieter sind wir gem\u00e4\u00df \u00a7 7 Abs.1 TMG f\u00fcr eigene Inhalte auf diesen Seiten nach den allgemeinen Gesetzen verantwortlich. Nach \u00a7\u00a7 8 bis 10 TMG sind wir als Diensteanbieter jedoch nicht verpflichtet, \u00fcbermittelte oder gespeicherte fremde Informationen zu \u00fcberwachen oder nach Umst\u00e4nden zu forschen, die auf eine rechtswidrige T\u00e4tigkeit hinweisen. Verpflichtungen zur Entfernung oder Sperrung der Nutzung von Informationen nach den allgemeinen Gesetzen bleiben hiervon unber\u00fchrt. Eine diesbez\u00fcgliche Haftung ist jedoch erst ab dem Zeitpunkt der Kenntnis einer konkreten Rechtsverletzung m\u00f6glich. Bei Bekanntwerden von entsprechenden Rechtsverletzungen werden wir diese Inhalte umgehend entfernen.<\/p>\n<p>&nbsp;<\/p>\n<h3>Haftung f\u00fcr Links<\/h3>\n<p>Unser Angebot enth\u00e4lt Links zu externen Webseiten Dritter, auf deren Inhalte wir keinen Einfluss haben. Deshalb k\u00f6nnen wir f\u00fcr diese fremden Inhalte auch keine Gew\u00e4hr \u00fcbernehmen. F\u00fcr die Inhalte der verlinkten Seiten ist stets der jeweilige Anbieter oder Betreiber der Seiten verantwortlich. Die Bartels Systembeschl\u00e4ge GmbH erkl\u00e4rt ausdr\u00fccklich, dass zum Zeitpunkt der Linksetzung die entsprechenden verlinkten Seiten frei von illegalen Inhalten waren. Die Redaktion hat keinerlei Einfluss auf die aktuelle und zuk\u00fcnftige Gestaltung und auf die Inhalte der gelinkten \/ verkn\u00fcpften Seiten. Deshalb distanziert sich die Bartels Systembeschl\u00e4ge GmbH hiermit ausdr\u00fccklich von allen Inhalten aller gelinkten \/ verkn\u00fcpften Seiten, die nach der Linksetzung ver\u00e4ndert wurden. Eine permanente inhaltliche Kontrolle der verlinkten Seiten ist jedoch ohne konkrete Anhaltspunkte einer Rechtsverletzung nicht zumutbar. Bei Bekanntwerden von Rechtsverletzungen werden wir derartige Links umgehend entfernen. F\u00fcr illegale, fehlerhafte oder unvollst\u00e4ndige Inhalte und insbesondere f\u00fcr Sch\u00e4den, die aus der Nutzung oder Nichtnutzung solcherart dargebotener Informationen entstehen, haftet allein der Anbieter der Seite, auf welche verwiesen wurde, nicht derjenige, der \u00fcber Links auf die jeweilige Ver\u00f6ffentlichung lediglich verweist.<\/p>\n<p>&nbsp;<\/p>\n<h3>Copyright<\/h3>\n<p>S\u00e4mtliche Logos, Darstellungen, Zeichnungen, Informationen und andere auf der Internetseite ver\u00f6ffentlichen Inhalte und Werke unterliegen &#8211; sofern nicht anders gekennzeichnet &#8211; dem Schutz des Urheberrechts und anderen Schutzgesetzen. Jede Vervielf\u00e4ltigung, Bearbeitung, Verbreitung, Ver\u00f6ffentlichung, Speicherung, \u00dcbermittlung, Sendung und Wieder- bzw. Weitergabe ist in jeglicher Hinsicht ohne schriftliche Genehmigung der Bartels Systembeschl\u00e4ge GmbH ausdr\u00fccklich untersagt. Kopien, auch auszugsweise sind nicht zul\u00e4ssig. Soweit die Inhalte auf dieser Seite nicht vom Betreiber erstellt wurden, werden die Urheberrechte Dritter beachtet. Insbesondere werden Inhalte Dritter als solche gekennzeichnet. Sollten Sie trotzdem auf eine Urheberrechtsverletzung aufmerksam werden, bitten wir um einen entsprechenden Hinweis. Bei Bekanntwerden von Rechtsverletzungen werden wir derartige Inhalte umgehend entfernen.<\/p>\n<p>&nbsp;<\/p>\n<h3>Gestaltung und Programmierung<\/h3>\n<p><a href=\"https:\/\/www.creative-feat.com\" target=\"_blank\" rel=\"noopener\"><img decoding=\"async\" src=\"https:\/\/www.creative-feat.com\/_banner\/creative-feat_banner_impressum.png\" alt=\"creative feat GmbH - Das Lipper Internetb\u00fcro - Websites, Webshops, Webentwicklung, Webmarketing\" \/><\/a><\/p>\n","protected":false},"excerpt":{"rendered":"<p>Liability and information according to \u00a7 5 TMG (German Telemedia Act) Bartels Systembeschlaege GmbH Gewerbegebiet Echternhagen 2 32689 Kalletal Germany &nbsp; Telephone +49 (0) 52 64 &#8211; 64 73 &#8211; 0 Fax +49 (0) 52 64 &#8211; 64 73 &#8211; 30 &nbsp; &nbsp; E-Mail info@basys.biz Internet www.basys.biz &nbsp; Managing Directors: Dipl. Ing. Albert Bartels Dipl. [&hellip;]<\/p>\n","protected":false},"author":1,"featured_media":0,"parent":0,"menu_order":7,"comment_status":"closed","ping_status":"closed","template":"","meta":{"_acf_changed":false,"footnotes":""},"class_list":["post-710","page","type-page","status-publish","hentry"],"acf":[],"yoast_head":"<!-- This site is optimized with the Yoast SEO plugin v26.1.1 - https:\/\/yoast.com\/wordpress\/plugins\/seo\/ -->\n<title>BaSys - Bartels Systembeschl\u00e4ge GmbH - Disclaimer<\/title>\n<meta name=\"robots\" content=\"index, follow, max-snippet:-1, max-image-preview:large, max-video-preview:-1\" \/>\n<link rel=\"canonical\" href=\"https:\/\/www.basys.biz\/en\/impressum\/\" \/>\n<meta property=\"og:locale\" content=\"en_US\" \/>\n<meta property=\"og:type\" content=\"article\" \/>\n<meta property=\"og:title\" content=\"BaSys - Bartels Systembeschl\u00e4ge GmbH - Disclaimer\" \/>\n<meta property=\"og:description\" content=\"Liability and information according to \u00a7 5 TMG (German Telemedia Act) Bartels Systembeschlaege GmbH Gewerbegebiet Echternhagen 2 32689 Kalletal Germany &nbsp; Telephone +49 (0) 52 64 &#8211; 64 73 &#8211; 0 Fax +49 (0) 52 64 &#8211; 64 73 &#8211; 30 &nbsp; &nbsp; E-Mail info@basys.biz Internet www.basys.biz &nbsp; Managing Directors: Dipl. Ing. Albert Bartels Dipl. [&hellip;]\" \/>\n<meta property=\"og:url\" content=\"https:\/\/www.basys.biz\/en\/impressum\/\" \/>\n<meta property=\"og:site_name\" content=\"BaSys - Bartels Systembeschl\u00e4ge GmbH\" \/>\n<meta property=\"article:modified_time\" content=\"2017-11-23T15:02:20+00:00\" \/>\n<meta property=\"og:image\" content=\"https:\/\/www.creative-feat.com\/_banner\/creative-feat_banner_impressum.png\" \/>\n<meta name=\"twitter:card\" content=\"summary_large_image\" \/>\n<meta name=\"twitter:label1\" content=\"Est. reading time\" \/>\n\t<meta name=\"twitter:data1\" content=\"2 minutes\" \/>\n<script type=\"application\/ld+json\" class=\"yoast-schema-graph\">{\"@context\":\"https:\/\/schema.org\",\"@graph\":[{\"@type\":\"WebPage\",\"@id\":\"https:\/\/www.basys.biz\/en\/impressum\/\",\"url\":\"https:\/\/www.basys.biz\/en\/impressum\/\",\"name\":\"BaSys - Bartels Systembeschl\u00e4ge GmbH - Disclaimer\",\"isPartOf\":{\"@id\":\"https:\/\/www.basys.biz\/#website\"},\"primaryImageOfPage\":{\"@id\":\"https:\/\/www.basys.biz\/en\/impressum\/#primaryimage\"},\"image\":{\"@id\":\"https:\/\/www.basys.biz\/en\/impressum\/#primaryimage\"},\"thumbnailUrl\":\"https:\/\/www.creative-feat.com\/_banner\/creative-feat_banner_impressum.png\",\"datePublished\":\"2017-06-06T14:52:03+00:00\",\"dateModified\":\"2017-11-23T15:02:20+00:00\",\"breadcrumb\":{\"@id\":\"https:\/\/www.basys.biz\/en\/impressum\/#breadcrumb\"},\"inLanguage\":\"en-US\",\"potentialAction\":[{\"@type\":\"ReadAction\",\"target\":[\"https:\/\/www.basys.biz\/en\/impressum\/\"]}]},{\"@type\":\"ImageObject\",\"inLanguage\":\"en-US\",\"@id\":\"https:\/\/www.basys.biz\/en\/impressum\/#primaryimage\",\"url\":\"https:\/\/www.creative-feat.com\/_banner\/creative-feat_banner_impressum.png\",\"contentUrl\":\"https:\/\/www.creative-feat.com\/_banner\/creative-feat_banner_impressum.png\"},{\"@type\":\"BreadcrumbList\",\"@id\":\"https:\/\/www.basys.biz\/en\/impressum\/#breadcrumb\",\"itemListElement\":[{\"@type\":\"ListItem\",\"position\":1,\"name\":\"Startseite\",\"item\":\"https:\/\/www.basys.biz\/en\/\"},{\"@type\":\"ListItem\",\"position\":2,\"name\":\"Disclaimer\"}]},{\"@type\":\"WebSite\",\"@id\":\"https:\/\/www.basys.biz\/#website\",\"url\":\"https:\/\/www.basys.biz\/\",\"name\":\"BaSys - Bartels Systembeschl\u00e4ge GmbH\",\"description\":\"Beschl\u00e4ge mit Ideen\",\"potentialAction\":[{\"@type\":\"SearchAction\",\"target\":{\"@type\":\"EntryPoint\",\"urlTemplate\":\"https:\/\/www.basys.biz\/?s={search_term_string}\"},\"query-input\":{\"@type\":\"PropertyValueSpecification\",\"valueRequired\":true,\"valueName\":\"search_term_string\"}}],\"inLanguage\":\"en-US\"}]}<\/script>\n<!-- \/ Yoast SEO plugin. -->","yoast_head_json":{"title":"BaSys - Bartels Systembeschl\u00e4ge GmbH - Disclaimer","robots":{"index":"index","follow":"follow","max-snippet":"max-snippet:-1","max-image-preview":"max-image-preview:large","max-video-preview":"max-video-preview:-1"},"canonical":"https:\/\/www.basys.biz\/en\/impressum\/","og_locale":"en_US","og_type":"article","og_title":"BaSys - Bartels Systembeschl\u00e4ge GmbH - Disclaimer","og_description":"Liability and information according to \u00a7 5 TMG (German Telemedia Act) Bartels Systembeschlaege GmbH Gewerbegebiet Echternhagen 2 32689 Kalletal Germany &nbsp; Telephone +49 (0) 52 64 &#8211; 64 73 &#8211; 0 Fax +49 (0) 52 64 &#8211; 64 73 &#8211; 30 &nbsp; &nbsp; E-Mail info@basys.biz Internet www.basys.biz &nbsp; Managing Directors: Dipl. Ing. Albert Bartels Dipl. [&hellip;]","og_url":"https:\/\/www.basys.biz\/en\/impressum\/","og_site_name":"BaSys - Bartels Systembeschl\u00e4ge GmbH","article_modified_time":"2017-11-23T15:02:20+00:00","og_image":[{"url":"https:\/\/www.creative-feat.com\/_banner\/creative-feat_banner_impressum.png","type":"","width":"","height":""}],"twitter_card":"summary_large_image","twitter_misc":{"Est. reading time":"2 minutes"},"schema":{"@context":"https:\/\/schema.org","@graph":[{"@type":"WebPage","@id":"https:\/\/www.basys.biz\/en\/impressum\/","url":"https:\/\/www.basys.biz\/en\/impressum\/","name":"BaSys - Bartels Systembeschl\u00e4ge GmbH - Disclaimer","isPartOf":{"@id":"https:\/\/www.basys.biz\/#website"},"primaryImageOfPage":{"@id":"https:\/\/www.basys.biz\/en\/impressum\/#primaryimage"},"image":{"@id":"https:\/\/www.basys.biz\/en\/impressum\/#primaryimage"},"thumbnailUrl":"https:\/\/www.creative-feat.com\/_banner\/creative-feat_banner_impressum.png","datePublished":"2017-06-06T14:52:03+00:00","dateModified":"2017-11-23T15:02:20+00:00","breadcrumb":{"@id":"https:\/\/www.basys.biz\/en\/impressum\/#breadcrumb"},"inLanguage":"en-US","potentialAction":[{"@type":"ReadAction","target":["https:\/\/www.basys.biz\/en\/impressum\/"]}]},{"@type":"ImageObject","inLanguage":"en-US","@id":"https:\/\/www.basys.biz\/en\/impressum\/#primaryimage","url":"https:\/\/www.creative-feat.com\/_banner\/creative-feat_banner_impressum.png","contentUrl":"https:\/\/www.creative-feat.com\/_banner\/creative-feat_banner_impressum.png"},{"@type":"BreadcrumbList","@id":"https:\/\/www.basys.biz\/en\/impressum\/#breadcrumb","itemListElement":[{"@type":"ListItem","position":1,"name":"Startseite","item":"https:\/\/www.basys.biz\/en\/"},{"@type":"ListItem","position":2,"name":"Disclaimer"}]},{"@type":"WebSite","@id":"https:\/\/www.basys.biz\/#website","url":"https:\/\/www.basys.biz\/","name":"BaSys - Bartels Systembeschl\u00e4ge GmbH","description":"Beschl\u00e4ge mit Ideen","potentialAction":[{"@type":"SearchAction","target":{"@type":"EntryPoint","urlTemplate":"https:\/\/www.basys.biz\/?s={search_term_string}"},"query-input":{"@type":"PropertyValueSpecification","valueRequired":true,"valueName":"search_term_string"}}],"inLanguage":"en-US"}]}},"_links":{"self":[{"href":"https:\/\/www.basys.biz\/en\/wp-json\/wp\/v2\/pages\/710","targetHints":{"allow":["GET"]}}],"collection":[{"href":"https:\/\/www.basys.biz\/en\/wp-json\/wp\/v2\/pages"}],"about":[{"href":"https:\/\/www.basys.biz\/en\/wp-json\/wp\/v2\/types\/page"}],"author":[{"embeddable":true,"href":"https:\/\/www.basys.biz\/en\/wp-json\/wp\/v2\/users\/1"}],"replies":[{"embeddable":true,"href":"https:\/\/www.basys.biz\/en\/wp-json\/wp\/v2\/comments?post=710"}],"version-history":[{"count":2,"href":"https:\/\/www.basys.biz\/en\/wp-json\/wp\/v2\/pages\/710\/revisions"}],"predecessor-version":[{"id":712,"href":"https:\/\/www.basys.biz\/en\/wp-json\/wp\/v2\/pages\/710\/revisions\/712"}],"wp:attachment":[{"href":"https:\/\/www.basys.biz\/en\/wp-json\/wp\/v2\/media?parent=710"}],"curies":[{"name":"wp","href":"https:\/\/api.w.org\/{rel}","templated":true}]}}